{"id":2,"date":"2019-10-16T17:42:13","date_gmt":"2019-10-16T15:42:13","guid":{"rendered":"http:\/\/vousetesprecieux.com\/?page_id=2"},"modified":"2026-01-07T13:11:47","modified_gmt":"2026-01-07T12:11:47","slug":"page-d-exemple","status":"publish","type":"page","link":"https:\/\/vousetesprecieux.com\/","title":{"rendered":"R\u00e9flexologie plantaire"},"content":{"rendered":"\n<figure class=\"wp-block-image size-full\"><img loading=\"lazy\" decoding=\"async\" width=\"612\" height=\"408\" src=\"https:\/\/vousetesprecieux.com\/wp-content\/uploads\/2026\/01\/istockphoto-1247828969-612x612-1.jpg\" alt=\"\" class=\"wp-image-212\" srcset=\"https:\/\/vousetesprecieux.com\/wp-content\/uploads\/2026\/01\/istockphoto-1247828969-612x612-1.jpg 612w, https:\/\/vousetesprecieux.com\/wp-content\/uploads\/2026\/01\/istockphoto-1247828969-612x612-1-300x200.jpg 300w\" sizes=\"auto, (max-width: 612px) 100vw, 612px\" \/><\/figure>\n\n\n\n<p class=\"has-text-align-center\"><strong>N&#8217;attendez pas d&#8217;aller mal pour vous faire du bien !<\/strong><\/p>\n\n\n\n<p>La  r\u00e9flexologie plantaire est une pratique manuelle ancestrale qui fait  partie des m\u00e9decines naturelles. Chaque organe, partie du corps ou  fonction physiologique, correspond \u00e0 une zone ou un point sur les pieds.  La r\u00e9flexologie plantaire utilise le massage des pieds&nbsp; afin de rep\u00e9rer  et de lib\u00e9rer les tensions du corps et de r\u00e9tablir son \u00e9quilibre ainsi  que le pouvoir d&#8217;auto-gu\u00e9rison de ce corps.<\/p>\n\n\n\n<p>La r\u00e9flexologie plantaire permet:<\/p>\n\n\n\n<p>-une relaxation profonde (physique et mentale)<\/p>\n\n\n\n<p>-renforcement du syst\u00e8me immunitaire<\/p>\n\n\n\n<p>-une am\u00e9lioration du sommeil<\/p>\n\n\n\n<p>-une meilleure gestion des \u00e9motions et du stress<\/p>\n\n\n\n<p>-une meilleure circulation du sang<\/p>\n\n\n\n<p>-l&#8217;\u00e9quilibre du syst\u00e8me endocrinien<br><\/p>\n\n\n\n<p>La  s\u00e9ance se passe dans le silence, allong\u00e9 sur une table de massage. Vous avez juste \u00e0 vous mettre pieds nus et \u00e0 remonter le bas de votre  pantalon.<\/p>\n\n\n\n<p>Dur\u00e9e: 50 mn environ (pr\u00e9voir une bonne heure)<\/p>\n\n\n\n<figure class=\"wp-block-image size-large is-resized\"><img loading=\"lazy\" decoding=\"async\" width=\"1024\" height=\"363\" src=\"http:\/\/vousetesprecieux.com\/wp-content\/uploads\/2023\/01\/Logo-Gall\u00e9co-Transparent-1024x363.png\" alt=\"\" class=\"wp-image-143\" style=\"width:142px;height:49px\" srcset=\"https:\/\/vousetesprecieux.com\/wp-content\/uploads\/2023\/01\/Logo-Gall\u00e9co-Transparent-1024x363.png 1024w, https:\/\/vousetesprecieux.com\/wp-content\/uploads\/2023\/01\/Logo-Gall\u00e9co-Transparent-300x106.png 300w, https:\/\/vousetesprecieux.com\/wp-content\/uploads\/2023\/01\/Logo-Gall\u00e9co-Transparent-768x272.png 768w, https:\/\/vousetesprecieux.com\/wp-content\/uploads\/2023\/01\/Logo-Gall\u00e9co-Transparent-1536x545.png 1536w, https:\/\/vousetesprecieux.com\/wp-content\/uploads\/2023\/01\/Logo-Gall\u00e9co-Transparent-2048x726.png 2048w, https:\/\/vousetesprecieux.com\/wp-content\/uploads\/2023\/01\/Logo-Gall\u00e9co-Transparent-1568x556.png 1568w\" sizes=\"auto, (max-width: 767px) 89vw, (max-width: 1000px) 54vw, (max-width: 1071px) 543px, 580px\" \/><\/figure>\n\n\n\n<p><font dir=\"auto\" style=\"vertical-align: inherit;\"><font dir=\"auto\" style=\"vertical-align: inherit;\">Tarif : 55 euros ou 55 gall\u00e9cos<\/font><\/font><\/p>\n\n\n\n<h2 class=\"wp-block-heading\"><strong>T\u00e9moignages <\/strong><\/h2>\n\n\n\n<p>&#8220;Ambiance cocooning douce et chaleureuse, une parenth\u00e8se de totale d\u00e9compression qui a g\u00e9n\u00e9r\u00e9 par la suite un sommeil du juste. Merci pour ta bienveillance Claudie et pour le partage des \u00e9motions. Bref, un vrai bonheur ! &#8221; Fran\u00e7oise<\/p>\n\n\n\n<blockquote class=\"wp-block-quote is-layout-flow wp-block-quote-is-layout-flow\">\n<p>&#8220;Exp\u00e9rience aussi \u00e9tonnante qu&#8217;agr\u00e9able, dont les effets b\u00e9n\u00e9fiques se font encore ressentir !&#8221; Jacky<\/p>\n<\/blockquote>\n\n\n\n<blockquote class=\"wp-block-quote is-layout-flow wp-block-quote-is-layout-flow\">\n<p>&#8220;C&#8217;est super, une vraie s\u00e9ance de bien-\u00eatre !&#8221; Alessia<\/p>\n<\/blockquote>\n\n\n\n<blockquote class=\"wp-block-quote is-layout-flow wp-block-quote-is-layout-flow\">\n<p>&#8220;Je n&#8217;ai plus de vertiges depuis ma s\u00e9ance de r\u00e9flexologie plantaire avec Claudie&#8221; Sophie<\/p>\n\n\n\n<p><\/p>\n<\/blockquote>\n","protected":false},"excerpt":{"rendered":"<p>N&#8217;attendez pas d&#8217;aller mal pour vous faire du bien ! La r\u00e9flexologie plantaire est une pratique manuelle ancestrale qui fait partie des m\u00e9decines naturelles. Chaque organe, partie du corps ou fonction physiologique, correspond \u00e0 une zone ou un point sur les pieds. La r\u00e9flexologie plantaire utilise le massage des pieds&nbsp; afin de rep\u00e9rer et de &hellip; <\/p>\n<p class=\"link-more\"><a href=\"https:\/\/vousetesprecieux.com\/\" class=\"more-link\">Continue reading<span class=\"screen-reader-text\"> &#8220;R\u00e9flexologie plantaire&#8221;<\/span><\/a><\/p>\n","protected":false},"author":1,"featured_media":0,"parent":0,"menu_order":0,"comment_status":"closed","ping_status":"open","template":"","meta":{"footnotes":""},"class_list":["post-2","page","type-page","status-publish","hentry"],"_links":{"self":[{"href":"https:\/\/vousetesprecieux.com\/index.php\/wp-json\/wp\/v2\/pages\/2","targetHints":{"allow":["GET"]}}],"collection":[{"href":"https:\/\/vousetesprecieux.com\/index.php\/wp-json\/wp\/v2\/pages"}],"about":[{"href":"https:\/\/vousetesprecieux.com\/index.php\/wp-json\/wp\/v2\/types\/page"}],"author":[{"embeddable":true,"href":"https:\/\/vousetesprecieux.com\/index.php\/wp-json\/wp\/v2\/users\/1"}],"replies":[{"embeddable":true,"href":"https:\/\/vousetesprecieux.com\/index.php\/wp-json\/wp\/v2\/comments?post=2"}],"version-history":[{"count":22,"href":"https:\/\/vousetesprecieux.com\/index.php\/wp-json\/wp\/v2\/pages\/2\/revisions"}],"predecessor-version":[{"id":213,"href":"https:\/\/vousetesprecieux.com\/index.php\/wp-json\/wp\/v2\/pages\/2\/revisions\/213"}],"wp:attachment":[{"href":"https:\/\/vousetesprecieux.com\/index.php\/wp-json\/wp\/v2\/media?parent=2"}],"curies":[{"name":"wp","href":"https:\/\/api.w.org\/{rel}","templated":true}]}}