{"id":69,"date":"2019-11-13T12:00:57","date_gmt":"2019-11-13T11:00:57","guid":{"rendered":"http:\/\/vousetesprecieux.com\/?page_id=69"},"modified":"2024-09-10T17:50:12","modified_gmt":"2024-09-10T15:50:12","slug":"bio","status":"publish","type":"page","link":"https:\/\/vousetesprecieux.com\/index.php\/bio\/","title":{"rendered":"Bio"},"content":{"rendered":"\n<figure class=\"wp-block-image is-resized\"><img loading=\"lazy\" decoding=\"async\" src=\"http:\/\/vousetesprecieux.com\/wp-content\/uploads\/2019\/11\/DSC_0261n-678x1024.jpg\" alt=\"\" class=\"wp-image-87\" width=\"466\" height=\"704\" srcset=\"https:\/\/vousetesprecieux.com\/wp-content\/uploads\/2019\/11\/DSC_0261n-678x1024.jpg 678w, https:\/\/vousetesprecieux.com\/wp-content\/uploads\/2019\/11\/DSC_0261n-199x300.jpg 199w, https:\/\/vousetesprecieux.com\/wp-content\/uploads\/2019\/11\/DSC_0261n-768x1160.jpg 768w, https:\/\/vousetesprecieux.com\/wp-content\/uploads\/2019\/11\/DSC_0261n-1568x2367.jpg 1568w\" sizes=\"auto, (max-width: 466px) 100vw, 466px\" \/><figcaption> Photo Sandrine Berthier<\/figcaption><\/figure>\n\n\n\n<p>Bonjour,<\/p>\n\n\n\n<p>Je suis r\u00e9flexologue et \u00e9nerg\u00e9ticienne. Je suis  aussi danseuse professionnelle depuis 1994. J&#8217;ai toujours mass\u00e9 mes  pieds et ceux de mes coll\u00e8gues tout comme j&#8217;ai toujours pratiqu\u00e9 le  Reiki mais sans le savoir (je disais que je me r\u00e9parais moi-m\u00eame, en posant mes mains l\u00e0 o\u00f9 j&#8217;avais mal).<br>Apr\u00e8s  avoir dans\u00e9 pour le th\u00e9\u00e2tre du Ch\u00e2telet, l&#8217;op\u00e9ra Bastille, pour des  compagnies de danse contemporaine et de danse-capoeira, je quitte Paris  pour Redon o\u00f9 je travaille essentiellement pour la Cie Pied en  Sol (danse de rue). Je rencontre Val\u00e9rie Dagnaud-Fontaine (\u00e0 Langon)  qui me forme en Reiki (niveaux 1, 2 et 3 entre 2014 et 2018 et le niveau 4-ma\u00eetrise de Reiki en 2022). La  r\u00e9flexologie plantaire est un joli trait d&#8217;union entre mon m\u00e9tier de  danseuse et le Reiki. Je me forme en 2019 avec Elizabeth Gury Oberth\u00fcr au  centre de formation r\u00e9flexologie-Bretagne <a href=\"http:\/\/reflexologie-bretagne.fr\/1-la-reflexologie-plantaire.html\">http:\/\/reflexologie-bretagne.fr\/1-la-reflexologie-plantaire.html<\/a><\/p>\n\n\n\n<p>Parall\u00e8lement, en 2018, je d\u00e9couvre la m\u00e9ditation. Je me forme pendant 5 ans aupr\u00e8s de Philippe Renucci (un chercheur atypique) qui propose une technique dans laquelle il m\u00eale les Sagesses de Bali et le Dzogchen (Tibet). Cette technique m&#8217;ouvre \u00e9norm\u00e9ment de portes et me donne envie de transmettre. C&#8217;est un travail \u00e0 la fois physique (ventre et cage thoracique) et spirituel (connexions \u00e0 ce qui nous entoure).<\/p>\n\n\n\n<p>Et enfin, en janvier 2023, je me forme aupr\u00e8s de Sandrine Tanguy (<a href=\"https:\/\/terenergies.jimdofree.com\/\">https:\/\/terenergies.jimdofree.com\/<\/a>) en soins \u00e9nerg\u00e9tiques dits de 5\u00e8me dimension (soins dans toutes les dimensions), formation qui se marie parfaitement bien avec le Re\u00efki.<\/p>\n\n\n\n<p>Mon but est de nettoyer, de r\u00e9-\u00e9quilibrer et de transmettre des pratiques qui rendent autonomes.<\/p>\n\n\n\n<p>Au plaisir de vous rencontrer.<\/p>\n\n\n\n<p>Claudie <\/p>\n","protected":false},"excerpt":{"rendered":"<p>Bonjour, Je suis r\u00e9flexologue et \u00e9nerg\u00e9ticienne. Je suis aussi danseuse professionnelle depuis 1994. J&#8217;ai toujours mass\u00e9 mes pieds et ceux de mes coll\u00e8gues tout comme j&#8217;ai toujours pratiqu\u00e9 le Reiki mais sans le savoir (je disais que je me r\u00e9parais moi-m\u00eame, en posant mes mains l\u00e0 o\u00f9 j&#8217;avais mal).Apr\u00e8s avoir dans\u00e9 pour le th\u00e9\u00e2tre du &hellip; <\/p>\n<p class=\"link-more\"><a href=\"https:\/\/vousetesprecieux.com\/index.php\/bio\/\" class=\"more-link\">Continue reading<span class=\"screen-reader-text\"> &#8220;Bio&#8221;<\/span><\/a><\/p>\n","protected":false},"author":1,"featured_media":0,"parent":0,"menu_order":0,"comment_status":"closed","ping_status":"closed","template":"","meta":{"footnotes":""},"class_list":["post-69","page","type-page","status-publish","hentry"],"_links":{"self":[{"href":"https:\/\/vousetesprecieux.com\/index.php\/wp-json\/wp\/v2\/pages\/69","targetHints":{"allow":["GET"]}}],"collection":[{"href":"https:\/\/vousetesprecieux.com\/index.php\/wp-json\/wp\/v2\/pages"}],"about":[{"href":"https:\/\/vousetesprecieux.com\/index.php\/wp-json\/wp\/v2\/types\/page"}],"author":[{"embeddable":true,"href":"https:\/\/vousetesprecieux.com\/index.php\/wp-json\/wp\/v2\/users\/1"}],"replies":[{"embeddable":true,"href":"https:\/\/vousetesprecieux.com\/index.php\/wp-json\/wp\/v2\/comments?post=69"}],"version-history":[{"count":9,"href":"https:\/\/vousetesprecieux.com\/index.php\/wp-json\/wp\/v2\/pages\/69\/revisions"}],"predecessor-version":[{"id":170,"href":"https:\/\/vousetesprecieux.com\/index.php\/wp-json\/wp\/v2\/pages\/69\/revisions\/170"}],"wp:attachment":[{"href":"https:\/\/vousetesprecieux.com\/index.php\/wp-json\/wp\/v2\/media?parent=69"}],"curies":[{"name":"wp","href":"https:\/\/api.w.org\/{rel}","templated":true}]}}